{"id":914,"date":"2023-04-28T20:09:26","date_gmt":"2023-04-28T18:09:26","guid":{"rendered":"https:\/\/igbhn.de\/statut-udruzenja\/"},"modified":"2023-04-29T22:51:03","modified_gmt":"2023-04-29T20:51:03","slug":"statut-udruzenja","status":"publish","type":"page","link":"http:\/\/igbhn.de\/bs\/o-nama\/statut-udruzenja\/","title":{"rendered":"Statut Udru\u017eenja"},"content":{"rendered":"<h5><strong><span id=\"page10R_mcid485\" class=\"markedContent\"><span class=\"\" dir=\"ltr\" role=\"presentation\"><span class=\"highlight selected appended\">Ne postoji obaveza objavljivanja statuta udru\u017eenja<\/span><\/span><span id=\"page10R_mcid486\" class=\"markedContent\"><br role=\"presentation\"> <span class=\"\" dir=\"ltr\" role=\"presentation\">jer, prema \u00a7 79 stav 1 BGB,<\/span><\/span><span id=\"page10R_mcid487\" class=\"markedContent\"><br role=\"presentation\"> <span dir=\"ltr\" role=\"presentation\">statut udru\u017eenja mo\u017ee vidjeti svako u sudu koji vodi registar udru\u017eenja.<\/span><\/span><\/span><\/strong><\/h5>\n<h5>Na\u0161i \u010dlanovi \u0107e tako\u0111er na zahtjev dobiti kopiju va\u017ee\u0107eg statuta od odbora.<\/h5>\n","protected":false},"excerpt":{"rendered":"<p>Ne postoji obaveza objavljivanja statuta udru\u017eenja jer, prema \u00a7 79 stav 1 BGB, statut udru\u017eenja mo\u017ee vidjeti svako u sudu koji vodi registar udru\u017eenja. Na\u0161i \u010dlanovi \u0107e tako\u0111er na zahtjev dobiti kopiju va\u017ee\u0107eg statuta od odbora.<\/p>\n","protected":false},"author":1,"featured_media":0,"parent":1571,"menu_order":5,"comment_status":"closed","ping_status":"closed","template":"","meta":{"_bbp_topic_count":0,"_bbp_reply_count":0,"_bbp_total_topic_count":0,"_bbp_total_reply_count":0,"_bbp_voice_count":0,"_bbp_anonymous_reply_count":0,"_bbp_topic_count_hidden":0,"_bbp_reply_count_hidden":0,"_bbp_forum_subforum_count":0,"_monsterinsights_skip_tracking":false,"_monsterinsights_sitenote_active":false,"_monsterinsights_sitenote_note":"","_monsterinsights_sitenote_category":0,"footnotes":""},"class_list":["post-914","page","type-page","status-publish","hentry"],"jetpack_sharing_enabled":true,"_links":{"self":[{"href":"http:\/\/igbhn.de\/bs\/wp-json\/wp\/v2\/pages\/914","targetHints":{"allow":["GET"]}}],"collection":[{"href":"http:\/\/igbhn.de\/bs\/wp-json\/wp\/v2\/pages"}],"about":[{"href":"http:\/\/igbhn.de\/bs\/wp-json\/wp\/v2\/types\/page"}],"author":[{"embeddable":true,"href":"http:\/\/igbhn.de\/bs\/wp-json\/wp\/v2\/users\/1"}],"replies":[{"embeddable":true,"href":"http:\/\/igbhn.de\/bs\/wp-json\/wp\/v2\/comments?post=914"}],"version-history":[{"count":5,"href":"http:\/\/igbhn.de\/bs\/wp-json\/wp\/v2\/pages\/914\/revisions"}],"predecessor-version":[{"id":1493,"href":"http:\/\/igbhn.de\/bs\/wp-json\/wp\/v2\/pages\/914\/revisions\/1493"}],"up":[{"embeddable":true,"href":"http:\/\/igbhn.de\/bs\/wp-json\/wp\/v2\/pages\/1571"}],"wp:attachment":[{"href":"http:\/\/igbhn.de\/bs\/wp-json\/wp\/v2\/media?parent=914"}],"curies":[{"name":"wp","href":"https:\/\/api.w.org\/{rel}","templated":true}]}}