{"id":1576,"date":"2023-04-28T19:43:46","date_gmt":"2023-04-28T17:43:46","guid":{"rendered":"https:\/\/igbhn.de\/usluga\/politika-privatnosti\/"},"modified":"2023-04-29T23:58:41","modified_gmt":"2023-04-29T21:58:41","slug":"pravilnik-privatnosti","status":"publish","type":"page","link":"https:\/\/igbhn.de\/bs\/usluge\/pravilnik-privatnosti\/","title":{"rendered":"Pravilnik privatnosti"},"content":{"rendered":"<h2 class=\"privacy-policy-h1\"><span class=\"HwtZe\" lang=\"bs\"><span class=\"jCAhz ChMk0b\"><span class=\"ryNqvb\">Pravilnik o privatnosti<\/span><\/span><\/span><\/h2>\n<h5 class=\"privacy-policy-h1\">A<span class=\"HwtZe\" lang=\"bs\"><span class=\"jCAhz ChMk0b\"><span class=\"ryNqvb\">\u017eurirano:<\/span><\/span><\/span> 28. Aprila 2023 <br \/>Napisano: 28 Aprila 2023<\/h5>\n<p class=\"privacy-policy-p\"><span class=\"HwtZe\" lang=\"bs\"><span class=\"jCAhz ChMk0b C1N51c\"><span class=\"ryNqvb\">Ovaj pravilnik privatnosti opisuju pravila<\/span><\/span><\/span>:<\/p>\n<h6 class=\"privacy-policy-p\"><strong>Islamische Gemeinschaft Heilbronn e.V.<\/strong><br \/><strong>B\u00f6ckinger Str. 30<\/strong><br \/><strong>74078 Heilbronn<\/strong><br \/><strong>Baden-W\u00fcrttemberg<\/strong><br \/><strong>Deutschland <\/strong><br \/><strong>E-mail: info@igbhn.de<\/strong><br \/><strong>Telefon: +497131165111<\/strong><\/h6>\n<p><span class=\"HwtZe\" lang=\"de\"><span class=\"HwtZe\" lang=\"bs\"><span class=\"jCAhz ChMk0b\"><span class=\"ryNqvb\">o prikupljanju, kori\u0161tenju i prijenosu va\u0161ih podataka koje prikupljamo kada koristite na\u0161u web stranicu (https:\/\/igbhn.de) i sve povezane aplikacije.<\/span><\/span> <span class=\"jCAhz ChMk0b\"><span class=\"ryNqvb\">Pristupanjem ili kori\u0161tenjem usluge pristajete na prikupljanje, kori\u0161tenje i prijeno\u0161enje va\u0161ih podataka u skladu s ovim pravilama privatnosti.<\/span><\/span> <span class=\"jCAhz ChMk0b\"><span class=\"ryNqvb\">Ako ne pristajete na ovo, nemojte pristupati ili koristiti uslugu.<\/span><\/span><\/span><br \/><\/span><\/p>\n<p class=\"privacy-policy-p\"><span class=\"HwtZe\" lang=\"de\"><span class=\"HwtZe\" lang=\"bs\"><span class=\"jCAhz ChMk0b\"><span class=\"ryNqvb\">Ovaj pravilnik privatnosti mo\u017eemo promijeniti u bilo koje vrijeme bez va\u0161eg obavje\u0161tenja i objavit \u0107emo revidirani pravilnik privatnosti na servisu.<\/span><\/span> <span class=\"jCAhz ChMk0b\"><span class=\"ryNqvb\">Revidirani pravilnik \u0107e stupiti na snagu 180 dana nakon objavljivanja istog na na\u0161oj web stranici.<\/span><\/span> <span class=\"jCAhz ChMk0b\"><span class=\"ryNqvb\">Va\u0161 nastavak pristupa na\u0161im uslugama ili njihovo kori\u0161tenje nakon tog vremena zna\u010dit \u0107e da prihvatate revidirani pravilnik privatnosti. Stoga vas podsti\u010demo da periodi\u010dno pregledate ovu stranicu.<\/span><\/span><\/span><br \/><\/span><\/p>\n<ol class=\"privacy-policy-ol\">\n<li>\n<h2 class=\"privacy-policy-h2\"><span class=\"HwtZe\" lang=\"bs\"><span class=\"jCAhz ChMk0b\"><span class=\"ryNqvb\">Informacije koje prikupljamo<\/span><\/span><\/span>:<\/h2>\n<p class=\"privacy-policy-p\"><span class=\"HwtZe\" lang=\"bs\"><span class=\"jCAhz ChMk0b\"><span class=\"ryNqvb\">Prikupljamo i obra\u0111ujemo sljede\u0107e li\u010dne podatke o vama<\/span><\/span><\/span>:<\/p>\n<ol class=\"privacy-policy-ol\">\n<li><span class=\"HwtZe\" lang=\"bs\"><span class=\"jCAhz ChMk0b\"><span class=\"ryNqvb\">Imena<\/span><\/span> <\/span><\/li>\n<li><span class=\"HwtZe\" lang=\"bs\"><span class=\"jCAhz ChMk0b\"><span class=\"ryNqvb\">E-mail adrese<\/span><\/span> <\/span><\/li>\n<li><span class=\"HwtZe\" lang=\"bs\"><span class=\"jCAhz ChMk0b\"><span class=\"ryNqvb\">Brojeve mobilnog telefona i \/ ili fiksnog telefona<\/span><\/span> <\/span><\/li>\n<li><span class=\"HwtZe\" lang=\"bs\"><span class=\"jCAhz ChMk0b\"><span class=\"ryNqvb\">Profile na dru\u0161tvenim mre\u017eama<\/span><\/span> <\/span><\/li>\n<li><span class=\"HwtZe\" lang=\"bs\"><span class=\"jCAhz ChMk0b\"><span class=\"ryNqvb\">Ro\u0111endan<\/span><\/span> <\/span><\/li>\n<li><span class=\"HwtZe\" lang=\"bs\"><span class=\"jCAhz ChMk0b\"><span class=\"ryNqvb\">Adrese<\/span><\/span> <\/span><\/li>\n<li><span class=\"HwtZe\" lang=\"bs\"><span class=\"jCAhz ChMk0b\"><span class=\"ryNqvb\">Bra\u010dni status<\/span><\/span> <\/span><\/li>\n<li><span class=\"HwtZe\" lang=\"bs\"><span class=\"jCAhz ChMk0b\"><span class=\"ryNqvb\">Adrese poslodavca<\/span><\/span> <\/span><\/li>\n<li><span class=\"HwtZe\" lang=\"bs\"><span class=\"jCAhz ChMk0b\"><span class=\"ryNqvb\">Informacije o pla\u0107anju \u010dlanarina i donacija i na\u0107ina pla\u0107anja<\/span><\/span> <\/span><\/li>\n<li><span class=\"HwtZe\" lang=\"bs\"><span class=\"jCAhz ChMk0b\"><span class=\"ryNqvb\">Podatke o \u010dlanovima porodice<\/span><\/span><\/span><\/li>\n<\/ol>\n<\/li>\n<li>\n<h2 class=\"privacy-policy-h2\"><span class=\"HwtZe\" lang=\"bs\"><span class=\"jCAhz ChMk0b\"><span class=\"ryNqvb\">Kako prikupljamo va\u0161e podatke<\/span><\/span><\/span>:<\/h2>\n<p class=\"privacy-policy-p\"><span class=\"HwtZe\" lang=\"bs\"><span class=\"jCAhz ChMk0b\"><span class=\"ryNqvb\">Informacije o vama prikupljamo\/primamo na sljede\u0107e na\u010dine:<\/span><\/span><\/span>:<\/p>\n<ol class=\"privacy-policy-ol\">\n<li><span class=\"HwtZe\" lang=\"bs\"><span class=\"jCAhz ChMk0b C1N51c\"><span class=\"ryNqvb\">Kada korisnik ispuni obrazac za registraciju i upis ili na drugi na\u010din dostavi li\u010dne podatke<\/span><\/span><\/span><\/li>\n<li><span class=\"HwtZe\" lang=\"de\"><span class=\"jCAhz ChMk0b\"><span class=\"ryNqvb\"><span class=\"HwtZe\" lang=\"bs\"><span class=\"jCAhz ChMk0b C1N51c\">Va\u0161om interakcijom s na\u0161om web stranicom i aplikacijama<\/span><\/span><\/span><\/span><\/span><\/li>\n<li><span class=\"HwtZe\" lang=\"bs\"><span class=\"jCAhz ChMk0b\"><span class=\"ryNqvb\">Iz javnih izvora<\/span><\/span><\/span><\/li>\n<\/ol>\n<\/li>\n<li>\n<h2 class=\"privacy-policy-h2\"><span class=\"HwtZe\" lang=\"bs\"><span class=\"jCAhz ChMk0b\"><span class=\"ryNqvb\">Kako koristimo va\u0161e podatke<\/span><\/span><\/span>:<\/h2>\n<p class=\"privacy-policy-p\"><span class=\"HwtZe\" lang=\"bs\"><span class=\"jCAhz ChMk0b\"><span class=\"ryNqvb\">Podatke koje prikupljamo o vama koristimo u sljede\u0107e svrhe<\/span><\/span><\/span>:<\/p>\n<ol class=\"privacy-policy-ol\">\n<li><span class=\"HwtZe\" lang=\"bs\"><span class=\"jCAhz ChMk0b\"><span class=\"ryNqvb\">\u0160irenje informacija i ogla\u0161avanje u smislu udru\u017eenja prema statutu<\/span><\/span><\/span><\/li>\n<li><span class=\"HwtZe\" lang=\"de\"><span class=\"jCAhz ChMk0b\"><span class=\"ryNqvb\"><span class=\"HwtZe\" lang=\"bs\">Kreiranje Va\u0161eg korisni\u010dkog ra\u010duna<\/span><\/span><\/span><\/span><\/li>\n<li><span class=\"HwtZe\" lang=\"bs\"><span class=\"jCAhz ChMk0b\"><span class=\"ryNqvb\">Prikupljanje povratnih informacija \u010dlanova<\/span><\/span><\/span><\/li>\n<li><span class=\"HwtZe\" lang=\"bs\"><span class=\"jCAhz ChMk0b\"><span class=\"ryNqvb\">Obrada uplata<\/span><\/span><\/span><\/li>\n<li><span class=\"HwtZe\" lang=\"bs\"><span class=\"jCAhz ChMk0b\"><span class=\"ryNqvb\">Podr\u0161ka<\/span><\/span><\/span><\/li>\n<li><span class=\"HwtZe\" lang=\"bs\"><span class=\"jCAhz ChMk0b\"><span class=\"ryNqvb\">Administrativne informacije<\/span><\/span><\/span><\/li>\n<li><span class=\"HwtZe\" lang=\"bs\"><span class=\"jCAhz ChMk0b\"><span class=\"ryNqvb\">Za\u0161tita sajta<\/span><\/span><\/span><\/li>\n<li><span class=\"HwtZe\" lang=\"bs\"><span class=\"jCAhz ChMk0b\"><span class=\"ryNqvb\">Korisni\u010dki komentari<\/span><\/span><\/span><\/li>\n<li><span class=\"HwtZe\" lang=\"bs\"><span class=\"jCAhz ChMk0b\"><span class=\"ryNqvb\">Rje\u0161avanje sporova<\/span><\/span><\/span><\/li>\n<li><span class=\"HwtZe\" lang=\"bs\"><span class=\"jCAhz ChMk0b\"><span class=\"ryNqvb\">Upravljanje va\u0161im korisni\u010dkim i \u010dlanskim ra\u010dunom<\/span><\/span><\/span><\/li>\n<\/ol>\n<p class=\"privacy-policy-p\"><span class=\"HwtZe\" lang=\"de\"><span class=\"HwtZe\" lang=\"bs\"><span class=\"jCAhz ChMk0b C1N51c\"><span class=\"ryNqvb\">Ako \u017eelimo koristiti va\u0161e podatke u bilo koju drugu svrhu, tra\u017eit \u0107emo va\u0161u saglasnost pristanak i koristit \u0107emo va\u0161e podatke tek nakon \u0161to dobijemo va\u0161u saglasnost, a zatim samo u svrhu(e) za koju ste dali svoju saglasnost, osim ako od nas zahtijeva zakon da postupimo druga\u010dije.<\/span><\/span><\/span><br \/><\/span><\/p>\n<\/li>\n<li>\n<h2 class=\"privacy-policy-h2\"><span class=\"HwtZe\" lang=\"bs\"><span class=\"jCAhz ChMk0b\"><span class=\"ryNqvb\">Kako dijelimo va\u0161e informacije<\/span><\/span><\/span>:<\/h2>\n<p class=\"privacy-policy-p\"><span class=\"HwtZe\" lang=\"bs\"><span class=\"jCAhz ChMk0b\"><span class=\"ryNqvb\">Va\u0161e li\u010dne podatke ne\u0107emo dijeliti s tre\u0107im stranama bez va\u0161eg pristanka, osim u ograni\u010denim okolnostima kako je opisano u nastavku:<\/span><\/span><\/span><\/p>\n<ol class=\"privacy-policy-ol\">\n<li><span class=\"HwtZe\" lang=\"bs\"><span class=\"jCAhz ChMk0b\"><span class=\"ryNqvb\">Sponzorima udru\u017eenja ukoliko bude situacija to zahtjevala<br \/><\/span><\/span><\/span><\/li>\n<li><span class=\"HwtZe\" lang=\"bs\"><span class=\"jCAhz ChMk0b C1N51c\"><span class=\"ryNqvb\">Analitika u korist administracije udru\u017eenja<\/span><\/span><\/span><\/li>\n<li><span class=\"HwtZe\" lang=\"bs\"><span class=\"jCAhz ChMk0b\"><span class=\"ryNqvb\">Usluge pla\u0107anja<\/span><\/span><\/span><\/li>\n<li><span class=\"HwtZe\" lang=\"bs\"><span class=\"jCAhz ChMk0b\"><span class=\"ryNqvb\">Prikupljanje i obrada podataka kako bi se osigurali potrebni procesi za upravljanje udru\u017eenjem<\/span><\/span><\/span><\/li>\n<\/ol>\n<p class=\"privacy-policy-p\"><span class=\"HwtZe\" lang=\"de\"><span class=\"jCAhz ChMk0b C1N51c\"><span class=\"ryNqvb\"><span class=\"HwtZe\" lang=\"bs\"><span class=\"jCAhz ChMk0b\">Od pru\u017eatelja usluga tre\u0107ih strana zahtijevamo da koriste li\u010dne podatke koje im prenosimo samo u svrhu za koju su proslije\u0111eni i da ih \u010duvaju ne du\u017ee nego \u0161to je potrebno za ispunjenje te svrhe.<\/span><\/span><\/span><\/span><\/span><\/p>\n<p class=\"privacy-policy-p\"><span class=\"HwtZe\" lang=\"de\"><span class=\"jCAhz ChMk0b\"><span class=\"ryNqvb\"><span class=\"HwtZe\" lang=\"bs\">Tako\u0111er mo\u017eemo prosljeditit va\u0161e li\u010dne podatke za sljede\u0107e<\/span>: <br \/>(1) d<span class=\"HwtZe\" lang=\"bs\">a iszpo\u0161tujemo bilo koji primjenjivi zakona, propisa, sudski naloga ili drugih pravnih procesa<\/span>;<\/span><\/span> <br \/><span class=\"jCAhz ChMk0b\"><span class=\"ryNqvb\">(2) da <span class=\"HwtZe\" lang=\"bs\"><span class=\"jCAhz ChMk0b C1N51c\">bismo sproveli va\u0161e ugovore s nama, uklju\u010duju\u0107i i ovaj pravilnik privatnosti<\/span><\/span>;<\/span><\/span><br \/><span class=\"jCAhz ChMk0b\"><span class=\"ryNqvb\">(3) <span class=\"HwtZe\" lang=\"bs\">da odgovorimo na optu\u017ebu da va\u0161e kori\u0161tenje usluge kr\u0161i prava tre\u0107ih strana<\/span>.<\/span><\/span> <br \/><span class=\"HwtZe\" lang=\"bs\"><span class=\"jCAhz ChMk0b\"><span class=\"ryNqvb\">Ako se na\u0161a zajednica spoji s drugom zajednicom, va\u0161i podaci \u0107e postati imovina koja \u0107e biti prenesena u novu zajednica, koja je nastala kroz to spajanje.<\/span><\/span><\/span><br \/><\/span><\/p>\n<\/li>\n<li>\n<h2 class=\"privacy-policy-h2\"><span class=\"HwtZe\" lang=\"bs\"><span class=\"jCAhz ChMk0b\"><span class=\"ryNqvb\">Zadr\u017eavanje va\u0161ih podataka<\/span><\/span><\/span>:<\/h2>\n<p class=\"privacy-policy-p\"><span class=\"HwtZe\" lang=\"de\"><span class=\"HwtZe\" lang=\"bs\"><span class=\"jCAhz ChMk0b\"><span class=\"ryNqvb\">Zadr\u017eavamo li\u010dne podatke 30 dana nakon \u0161to je korisnik odjavio pretplatu, ili onoliko dugo koliko nam je potrebno ili smo po zakonu obavezni da ih \u010duvamo kako bismo ispunili svrhe za koje su prikupljeni u skladu s ovim pravilnikom privatnosti.<\/span><\/span> <span class=\"jCAhz ChMk0b\"><span class=\"ryNqvb\">Mo\u017eda \u0107emo morati da zadr\u017eimo odre\u0111ene informacije na du\u017ei vremenski period, npr.<\/span><\/span> <span class=\"jCAhz ChMk0b\"><span class=\"ryNqvb\">za snimanje\/prijavljivanje u skladu sa va\u017ee\u0107im zakonom ili iz drugih legitimnih razloga kao \u0161to su sprovo\u0111enje zakonskih prava, spre\u010davanje prevara, itd. Anonimne preostale informacije i zbirne informacije koje vas ne identifikuju (direktno ili indirektno) bi\u0107e pohranjene na neodre\u0111eno vreme.<\/span><\/span><\/span><br \/><\/span><\/p>\n<\/li>\n<li>\n<h2 class=\"privacy-policy-h2\"><span class=\"HwtZe\" lang=\"bs\"><span class=\"jCAhz ChMk0b\"><span class=\"ryNqvb\">Va\u0161a prava<\/span><\/span><\/span>:<\/h2>\n<p class=\"privacy-policy-p\"><span class=\"HwtZe\" lang=\"de\"><span class=\"HwtZe\" lang=\"bs\"><span class=\"jCAhz ChMk0b\"><span class=\"ryNqvb\">U zavisnosti od va\u017ee\u0107eg zakona, mo\u017eete imati pravo da pristupite, ispravite, izbri\u0161ete ili dobijete kopiju va\u0161ih li\u010dnih podataka, da aktivnu obradu va\u0161ih informacija ograni\u010dite, ili da zatra\u017eite od nas da podijelimo va\u0161e li\u010dne podatke (portacija).<\/span><\/span><\/span><br \/><\/span><\/p>\n<p class=\"privacy-policy-p\"><span class=\"HwtZe\" lang=\"de\"><span class=\"jCAhz ChMk0b\"><span class=\"ryNqvb\"><span class=\"HwtZe\" lang=\"bs\">Mo\u017eete odustati od komunikacije ili profiliranja koje obavljamo u marketinske svrhe tako \u0161to \u0107ete nam pisati na info@igbhn.de.<\/span><\/span><\/span><\/span><\/p>\n<p class=\"privacy-policy-p\"><span class=\"HwtZe\" lang=\"de\"><span class=\"jCAhz ChMk0b\"><span class=\"ryNqvb\"><span class=\"HwtZe\" lang=\"bs\">Imajte na umu da ako nam ne dozvolite da prikupljamo ili obra\u0111ujemo potrebne li\u010dne podatke ili povu\u010dete saglasnost za obradu istih u potrebne svrhe, mo\u017eda ne\u0107ete mo\u0107i pristupiti ili koristiti usluge za koje su va\u0161i podaci tra\u017eeni.<\/span><\/span><\/span><\/span><\/p>\n<\/li>\n<li>\n<h2 class=\"privacy-policy-h2\">K<span class=\"HwtZe\" lang=\"bs\"><span class=\"jCAhz ChMk0b\"><span class=\"ryNqvb\">ola\u010di\u0107i itd<\/span><\/span><\/span>.<\/h2>\n<p class=\"privacy-policy-p\"><span class=\"HwtZe\" lang=\"de\"><span class=\"jCAhz ChMk0b\"><span class=\"ryNqvb\"><span class=\"HwtZe\" lang=\"bs\">Da biste saznali vi\u0161e o tome kako ih koristimo i koje mogu\u010dnosti u vezi s ovim tehnologijama pra\u0107enja imaju, pro\u010ditajte na\u0161 <\/span><\/span><\/span><\/span><a href=\"https:\/\/igbhn.de\/bs\/usluge\/polisa-kolacica\/\">pravilnik o kola\u010di\u0107ima.<\/a><\/p>\n<\/li>\n<li>\n<h2 class=\"privacy-policy-h2\"><span class=\"HwtZe\" lang=\"bs\"><span class=\"jCAhz ChMk0b\"><span class=\"ryNqvb\">Sigurnost<\/span><\/span><\/span>:<\/h2>\n<p class=\"privacy-policy-p\"><span class=\"HwtZe\" lang=\"de\"><span class=\"HwtZe\" lang=\"bs\"><span class=\"jCAhz ChMk0b\"><span class=\"ryNqvb\">Sigurnost va\u0161ih podataka nam je va\u017ena i mi \u0107emo poduzeti odgovaraju\u0107e sigurnosne mjere kako bismo sprije\u010dili gubitak, zloupotrebu ili neovla\u0161tenu promjenu va\u0161ih podataka pod na\u0161om kontrolom.<\/span><\/span> <span class=\"jCAhz ChMk0b\"><span class=\"ryNqvb\">Me\u0111utim, s obzirom na inherentne rizike, ne mo\u017eemo garantirati njegovu apsolutnu sigurnost i stoga ne mo\u017eemo osigurati ili garantirati sigurnost bilo koje informacije koju nam prenosite, a vi to \u010dinite na vlastitu odgovornost.<\/span><\/span><\/span><br \/><\/span><\/p>\n<\/li>\n<li>\n<h2 class=\"privacy-policy-h2\"><span class=\"HwtZe\" lang=\"bs\"><span class=\"jCAhz ChMk0b\"><span class=\"ryNqvb\">Veze tre\u0107ih strana i upotreba va\u0161ih informacija<\/span><\/span><\/span>:<\/h2>\n<p class=\"privacy-policy-p\"><span class=\"HwtZe\" lang=\"bs\"><span class=\"jCAhz ChMk0b\"><span class=\"ryNqvb\">Na\u0161a ponuda mo\u017ee sadr\u017eavati linkove na druge web stranice kojima ne upravljamo.<\/span><\/span> <span class=\"jCAhz ChMk0b\"><span class=\"ryNqvb\">Ovaj pravilnik privatnosti se ne bavi pravilama privatnosti i drugim praksama tre\u0107ih strana, uklju\u010duju\u0107i tre\u0107a lica koja upravljaju web stranicama ili uslugama kojima se mo\u017ee pristupiti putem veze na Servisu.<\/span><\/span> <span class=\"jCAhz ChMk0b\"><span class=\"ryNqvb\">Preporu\u010dujemo vam da pregledate pravilnik privatnosti svake web stranice koju posjetite.<\/span><\/span> <span class=\"jCAhz ChMk0b\"><span class=\"ryNqvb\">Nemamo kontrolu i nismo odgovorni za sadr\u017eaj, pravilnik privatnosti ili praksu bilo kojih web stranica ili usluga tre\u0107ih strana.<\/span><\/span><\/span><\/p>\n<\/li>\n<li>\n<h2 class=\"privacy-policy-h2\"><span class=\"HwtZe\" lang=\"bs\"><span class=\"jCAhz ChMk0b\"><span class=\"ryNqvb\">\u017dalba \/ Slu\u017ebenik za privatnost<\/span><\/span><\/span>:<\/h2>\n<p class=\"privacy-policy-p\"><span class=\"HwtZe\" lang=\"de\"><span class=\"jCAhz ChMk0b\"><span class=\"ryNqvb\"><span class=\"HwtZe\" lang=\"bs\">Ako imate bilo kakvih pitanja ili nedoumica u vezi s obradom podataka koje imamo o vama, mo\u017eete poslati pismo ili e-mail na\u0161em slu\u017ebeniku za \u017ealbe na:<\/span><br \/>po\u0161tom na adresu: Islamische Gemeinschaft Heilbronn e.V., B\u00f6ckinger Str.<\/span><\/span> <span class=\"jCAhz ChMk0b\"><span class=\"ryNqvb\">30, 74078 Heilbronn<br \/>putem e-Mail na adresu: info@igbhn.de<\/span><\/span> <br \/><span class=\"HwtZe\" lang=\"bs\"><span class=\"jCAhz ChMk0b\"><span class=\"ryNqvb\">Mi \u0107emo rje\u0161avati va\u0161e probleme u skladu sa va\u017ee\u0107im zakonom.<\/span><\/span><\/span><br \/><\/span><\/p>\n<\/li>\n<\/ol>\n<p class=\"privacy-policy-p\">\u00a0<\/p>\n","protected":false},"excerpt":{"rendered":"<p>Pravilnik o privatnosti A\u017eurirano: 28. Aprila 2023 Napisano: 28 Aprila 2023 Ovaj pravilnik privatnosti opisuju pravila: Islamische Gemeinschaft Heilbronn e.V.B\u00f6ckinger Str. 3074078 HeilbronnBaden-W\u00fcrttembergDeutschland E-mail: info@igbhn.deTelefon: +497131165111 o prikupljanju, kori\u0161tenju i prijenosu va\u0161ih podataka koje prikupljamo kada koristite na\u0161u web stranicu (https:\/\/igbhn.de) i sve povezane aplikacije. Pristupanjem ili kori\u0161tenjem usluge pristajete na prikupljanje, kori\u0161tenje i prijeno\u0161enje [&hellip;]<\/p>\n","protected":false},"author":1,"featured_media":0,"parent":1446,"menu_order":9,"comment_status":"closed","ping_status":"closed","template":"","meta":{"_bbp_topic_count":0,"_bbp_reply_count":0,"_bbp_total_topic_count":0,"_bbp_total_reply_count":0,"_bbp_voice_count":0,"_bbp_anonymous_reply_count":0,"_bbp_topic_count_hidden":0,"_bbp_reply_count_hidden":0,"_bbp_forum_subforum_count":0,"_monsterinsights_skip_tracking":false,"_monsterinsights_sitenote_active":false,"_monsterinsights_sitenote_note":"","_monsterinsights_sitenote_category":0,"footnotes":""},"class_list":["post-1576","page","type-page","status-publish","hentry"],"jetpack_sharing_enabled":true,"_links":{"self":[{"href":"https:\/\/igbhn.de\/bs\/wp-json\/wp\/v2\/pages\/1576","targetHints":{"allow":["GET"]}}],"collection":[{"href":"https:\/\/igbhn.de\/bs\/wp-json\/wp\/v2\/pages"}],"about":[{"href":"https:\/\/igbhn.de\/bs\/wp-json\/wp\/v2\/types\/page"}],"author":[{"embeddable":true,"href":"https:\/\/igbhn.de\/bs\/wp-json\/wp\/v2\/users\/1"}],"replies":[{"embeddable":true,"href":"https:\/\/igbhn.de\/bs\/wp-json\/wp\/v2\/comments?post=1576"}],"version-history":[{"count":5,"href":"https:\/\/igbhn.de\/bs\/wp-json\/wp\/v2\/pages\/1576\/revisions"}],"predecessor-version":[{"id":1609,"href":"https:\/\/igbhn.de\/bs\/wp-json\/wp\/v2\/pages\/1576\/revisions\/1609"}],"up":[{"embeddable":true,"href":"https:\/\/igbhn.de\/bs\/wp-json\/wp\/v2\/pages\/1446"}],"wp:attachment":[{"href":"https:\/\/igbhn.de\/bs\/wp-json\/wp\/v2\/media?parent=1576"}],"curies":[{"name":"wp","href":"https:\/\/api.w.org\/{rel}","templated":true}]}}