{"id":904,"date":"2023-04-28T19:54:47","date_gmt":"2023-04-28T17:54:47","guid":{"rendered":"https:\/\/igbhn.de\/impresum\/"},"modified":"2023-05-02T20:09:37","modified_gmt":"2023-05-02T18:09:37","slug":"impresum","status":"publish","type":"page","link":"https:\/\/igbhn.de\/bs\/usluge\/impresum\/","title":{"rendered":"Impresum"},"content":{"rendered":"<h1>Impresum<\/h1>\n<h2>Prema \u00a7 5 TMG<\/h2>\n<p>Islamska zajednica Heilbronn eV<br \/>B\u00f6ckinger 30<br \/>74078 Heilbronn<\/p>\n<p>Registar udru\u017eenja: VR 102071<br \/>Sud za registraciju: Okru\u017eni sud u \u0160tutgartu<\/p>\n<p><strong>Predstavljeno od:<\/strong><br \/>Po 2 \u010dlana registrovanog odbora<\/p>\n<h2>Kontakt<\/h2>\n<p>Telefon: +49 (0) 7131 &#8211; 165 &#8211; 111<br \/>Fax: +49 (0) 7131 &#8211; 165 &#8211; 111<br \/>E-mail: info@igbhn.de<\/p>\n<h2>Rje\u0161avanje potro\u0161a\u010dkih sporova\/univerzalni arbitra\u017eni odbor<\/h2>\n<p>Nismo voljni ili obavezni da u\u010destvujemo u postupcima re\u0161avanja sporova pred arbitra\u017enim odborom potro\u0161a\u010da.<a href=\"https:\/\/www.e-recht24.de\"><\/a><\/p>\n","protected":false},"excerpt":{"rendered":"<p>Impresum Prema \u00a7 5 TMG Islamska zajednica Heilbronn eVB\u00f6ckinger 3074078 Heilbronn Registar udru\u017eenja: VR 102071Sud za registraciju: Okru\u017eni sud u \u0160tutgartu Predstavljeno od:Po 2 \u010dlana registrovanog odbora Kontakt Telefon: +49 (0) 7131 &#8211; 165 &#8211; 111Fax: +49 (0) 7131 &#8211; 165 &#8211; 111E-mail: info@igbhn.de Rje\u0161avanje potro\u0161a\u010dkih sporova\/univerzalni arbitra\u017eni odbor Nismo voljni ili obavezni da u\u010destvujemo [&hellip;]<\/p>\n","protected":false},"author":1,"featured_media":0,"parent":1446,"menu_order":3,"comment_status":"closed","ping_status":"closed","template":"","meta":{"_bbp_topic_count":0,"_bbp_reply_count":0,"_bbp_total_topic_count":0,"_bbp_total_reply_count":0,"_bbp_voice_count":0,"_bbp_anonymous_reply_count":0,"_bbp_topic_count_hidden":0,"_bbp_reply_count_hidden":0,"_bbp_forum_subforum_count":0,"_monsterinsights_skip_tracking":false,"_monsterinsights_sitenote_active":false,"_monsterinsights_sitenote_note":"","_monsterinsights_sitenote_category":0,"footnotes":""},"class_list":["post-904","page","type-page","status-publish","hentry"],"jetpack_sharing_enabled":true,"_links":{"self":[{"href":"https:\/\/igbhn.de\/bs\/wp-json\/wp\/v2\/pages\/904","targetHints":{"allow":["GET"]}}],"collection":[{"href":"https:\/\/igbhn.de\/bs\/wp-json\/wp\/v2\/pages"}],"about":[{"href":"https:\/\/igbhn.de\/bs\/wp-json\/wp\/v2\/types\/page"}],"author":[{"embeddable":true,"href":"https:\/\/igbhn.de\/bs\/wp-json\/wp\/v2\/users\/1"}],"replies":[{"embeddable":true,"href":"https:\/\/igbhn.de\/bs\/wp-json\/wp\/v2\/comments?post=904"}],"version-history":[{"count":3,"href":"https:\/\/igbhn.de\/bs\/wp-json\/wp\/v2\/pages\/904\/revisions"}],"predecessor-version":[{"id":2486,"href":"https:\/\/igbhn.de\/bs\/wp-json\/wp\/v2\/pages\/904\/revisions\/2486"}],"up":[{"embeddable":true,"href":"https:\/\/igbhn.de\/bs\/wp-json\/wp\/v2\/pages\/1446"}],"wp:attachment":[{"href":"https:\/\/igbhn.de\/bs\/wp-json\/wp\/v2\/media?parent=904"}],"curies":[{"name":"wp","href":"https:\/\/api.w.org\/{rel}","templated":true}]}}