{"id":908,"date":"2023-04-28T18:56:20","date_gmt":"2023-04-28T16:56:20","guid":{"rendered":"https:\/\/igbhn.de\/?page_id=908"},"modified":"2023-04-29T23:57:28","modified_gmt":"2023-04-29T21:57:28","slug":"polisa-kolacica","status":"publish","type":"page","link":"https:\/\/igbhn.de\/bs\/usluge\/polisa-kolacica\/","title":{"rendered":"Polisa kola\u010di\u0107a"},"content":{"rendered":"<style>\n    a.cky-banner-element {\n        padding: 8px 30px;\n        background: #F8F9FA;\n        color: #858A8F;\n        border: 1px solid #DEE2E6;\n        box-sizing: border-box;\n        border-radius: 2px;\n        cursor: pointer;\n}\n<\/style>\n<h1 class=\"cookie-policy-h1\"><span class=\"HwtZe\" lang=\"de\"><span class=\"jCAhz ChMk0b\"><span class=\"ryNqvb\"><span class=\"HwtZe\" lang=\"bs\"><span class=\"jCAhz ChMk0b C1N51c\">Polisa kola\u010di\u0107a<\/span><\/span><\/span><\/span><\/span><\/h1>\n<p>Datum: 28-Apr-2023 <br \/><span class=\"HwtZe\" lang=\"bs\"><span class=\"jCAhz ChMk0b\"><span class=\"ryNqvb\">A\u017eurirano<\/span><\/span><\/span>: 28-Apr-2023<\/p>\n<p>&nbsp;<\/p>\n<h5><span class=\"HwtZe\" lang=\"de\"><span class=\"jCAhz ChMk0b\"><span class=\"ryNqvb\"><span class=\"HwtZe\" lang=\"bs\">\u0160ta su kola\u010di\u0107i<\/span>?<\/span><\/span><\/span><\/h5>\n<div class=\"cookie-policy-p\"><span class=\"HwtZe\" lang=\"bs\"><span class=\"jCAhz ChMk0b\"><span class=\"ryNqvb\">Ova polisa kola\u010di\u0107a obja\u0161njava \u0161ta su kola\u010di\u0107i i kako ih koristimo, koje vrste kola\u010di\u0107a koristimo <\/span><\/span><span class=\"jCAhz ChMk0b\"><span class=\"ryNqvb\">, tj. koje informacije prikupljamo pomo\u0107u kola\u010di\u0107a i kako se te informacije koriste, te kako upravljati postavkama kola\u010di\u0107a.<\/span><\/span><\/span><\/p>\n<p><span class=\"HwtZe\" lang=\"bs\"><span class=\"jCAhz ChMk0b\"><span class=\"ryNqvb\">Kola\u010di\u0107i su male tekstualne datoteke koje se koriste za pohranjivanje malih dijelova informacija.<\/span><\/span> <span class=\"jCAhz ChMk0b\"><span class=\"ryNqvb\">Oni se pohranjuju na va\u0161em ure\u0111aju kada se web stranica u\u010dita u va\u0161 pretra\u017eiva\u010d.<\/span><\/span> <span class=\"jCAhz ChMk0b\"><span class=\"ryNqvb\">Ovi kola\u010di\u0107i nam poma\u017eu da u\u010dinimo da web stranica ispravno radi, u\u010dinimo je sigurnijom, pru\u017eimo bolje korisni\u010dko iskustvo i razumijemo kako web stranica radi te analiziramo \u0161ta radi i gdje je potrebno pobolj\u0161ati.<\/span><\/span><\/span><\/p>\n<\/div>\n<p>&nbsp;<\/p>\n<h5><span class=\"HwtZe\" lang=\"de\"><span class=\"jCAhz ChMk0b\"><span class=\"ryNqvb\"><span class=\"HwtZe\" lang=\"bs\">Kako koristimo kola\u010di\u0107e<\/span>?<\/span><\/span><\/span><\/h5>\n<div class=\"cookie-policy-p\">\n<p><span class=\"HwtZe\" lang=\"de\"><span class=\"HwtZe\" lang=\"bs\"><span class=\"jCAhz ChMk0b\"><span class=\"ryNqvb\">Kao i ve\u0107ina online usluga, na\u0161a web stranica koristi kola\u010di\u0107e prve i tre\u0107e strane u razli\u010dite svrhe.<\/span><\/span> <span class=\"jCAhz ChMk0b\"><span class=\"ryNqvb\">Kola\u010di\u0107i prve strane su uglavnom potrebni za pravilno funkcioniranje web stranice i ne prikupljaju nikakve podatke o va\u0161im li\u010dnim identitetima.<\/span><\/span><\/span><br \/><\/span><\/p>\n<p><span class=\"HwtZe\" lang=\"de\"><span class=\"HwtZe\" lang=\"bs\"><span class=\"jCAhz ChMk0b\"><span class=\"ryNqvb\">Kola\u010di\u0107i tre\u0107ih strana koji se koriste na na\u0161oj web stranici uglavnom se koriste da bismo razumjeli kako web stranica radi, kako komunicirate s na\u0161om web-stranicom, kako bi na\u0161e usluge bile sigurne, da bismo vam pru\u017eili oglase koji su relevantni za vas i op\u0107enito kako bismo vam pru\u017eili bolji i pobolj\u0161ano korisni\u010dko iskustvo i pomo\u0107i u ubrzavanju va\u0161e budu\u0107e interakcije s na\u0161om web-stranicom.<\/span><\/span><\/span><br \/><\/span><\/p>\n<\/div>\n<p>&nbsp;<\/p>\n<h5><span class=\"HwtZe\" lang=\"de\"><span class=\"jCAhz ChMk0b\"><span class=\"ryNqvb\"><span class=\"HwtZe\" lang=\"bs\">Vrste kola\u010di\u0107a koje koristimo<\/span><\/span><\/span><\/span><\/h5>\n<div class=\"cky-audit-table-element\">\u00a0<\/div>\n<p>&nbsp;<\/p>\n<h5 style=\"margin-bottom: 20px;\"><span class=\"HwtZe\" lang=\"de\"><span class=\"jCAhz ChMk0b\"><span class=\"ryNqvb\"><span class=\"HwtZe\" lang=\"bs\">Upravljajte postavkama kola\u010di\u0107a<\/span><\/span><\/span><\/span><\/h5>\n<p><a class=\"cky-banner-element\">Postavke kola\u010di\u0107a<\/a><\/p>\n<div>\n<p><span class=\"HwtZe\" lang=\"de\"><span class=\"HwtZe\" lang=\"bs\"><span class=\"jCAhz ChMk0b\"><span class=\"ryNqvb\">Postavke kola\u010di\u0107a mo\u017eete promijeniti u bilo kojem trenutku klikom na dugme iznad.<\/span><\/span> <span class=\"jCAhz ChMk0b\"><span class=\"ryNqvb\">Ovo vam omogu\u0107ava da ponovo posjetite baner o saglasnosti za kola\u010di\u0107e i promijenite svoje postavke ili odmah povu\u010dete svoju saglasnost.<\/span><\/span><\/span><br \/><\/span><\/p>\n<p><span class=\"HwtZe\" lang=\"de\"><span class=\"HwtZe\" lang=\"bs\"><span class=\"jCAhz ChMk0b\"><span class=\"ryNqvb\">Osim toga, razli\u010diti pretra\u017eiva\u010di nude razli\u010dite metode blokiranja i brisanja kola\u010di\u0107a koje koriste web stranice.<\/span><\/span> <span class=\"jCAhz ChMk0b\"><span class=\"ryNqvb\">Mo\u017eete promijeniti postavke va\u0161eg pretra\u017eiva\u010da da blokirate\/bri\u0161ete kola\u010di\u0107e.<\/span><\/span> <span class=\"jCAhz ChMk0b\"><span class=\"ryNqvb\">Ispod su linkovi za dokumente podr\u0161ke za upravljanje i brisanje kola\u010di\u0107a u glavnim web pretra\u017eiva\u010dima.<\/span><\/span><\/span><br \/><\/span><\/p>\n<p>Chrome: <a href=\"https:\/\/support.google.com\/accounts\/answer\/32050\" target=\"_blank\" rel=\"noopener\">https:\/\/support.google.com\/accounts\/answer\/32050<\/a><\/p>\n<p>Safari: <a href=\"https:\/\/support.apple.com\/en-in\/guide\/safari\/sfri11471\/mac\" target=\"_blank\" rel=\"noopener\">https:\/\/support.apple.com\/en-in\/guide\/safari\/sfri11471\/mac<\/a><\/p>\n<p>Firefox: <a href=\"https:\/\/support.mozilla.org\/en-US\/kb\/clear-cookies-and-site-data-firefox?redirectslug=delete-cookies-remove-info-websites-stored&amp;redirectlocale=en-US\" target=\"_blank\" rel=\"noopener\">https:\/\/support.mozilla.org\/en-US\/kb\/clear-cookies-and-site-data-firefox?redirectslug=delete-cookies-remove-info-websites-stored&amp;redirectlocale=en-US<\/a><\/p>\n<p>Internet Explorer: <a href=\"https:\/\/support.microsoft.com\/en-us\/topic\/how-to-delete-cookie-files-in-internet-explorer-bca9446f-d873-78de-77ba-d42645fa52fc\" target=\"_blank\" rel=\"noopener\">https:\/\/support.microsoft.com\/en-us\/topic\/how-to-delete-cookie-files-in-internet-explorer-bca9446f-d873-78de-77ba-d42645fa52fc<\/a><\/p>\n<p><span class=\"HwtZe\" lang=\"de\"><span class=\"jCAhz ChMk0b C1N51c\"><span class=\"ryNqvb\"><span class=\"HwtZe\" lang=\"bs\"><span class=\"jCAhz ChMk0b\">Ako koristite drugi web preglednik, posjetite slu\u017ebene dokumente podr\u0161ke va\u0161eg pretra\u017eiva\u010da.<\/span><\/span><\/span><\/span><\/span><\/p>\n<\/div>\n<p class=\"cookie-policy-p\">\u00a0<\/p>\n","protected":false},"excerpt":{"rendered":"<p>Polisa kola\u010di\u0107a Datum: 28-Apr-2023 A\u017eurirano: 28-Apr-2023 &nbsp; \u0160ta su kola\u010di\u0107i? Ova polisa kola\u010di\u0107a obja\u0161njava \u0161ta su kola\u010di\u0107i i kako ih koristimo, koje vrste kola\u010di\u0107a koristimo , tj. koje informacije prikupljamo pomo\u0107u kola\u010di\u0107a i kako se te informacije koriste, te kako upravljati postavkama kola\u010di\u0107a. Kola\u010di\u0107i su male tekstualne datoteke koje se koriste za pohranjivanje malih dijelova [&hellip;]<\/p>\n","protected":false},"author":1,"featured_media":0,"parent":1446,"menu_order":8,"comment_status":"closed","ping_status":"closed","template":"","meta":{"_bbp_topic_count":0,"_bbp_reply_count":0,"_bbp_total_topic_count":0,"_bbp_total_reply_count":0,"_bbp_voice_count":0,"_bbp_anonymous_reply_count":0,"_bbp_topic_count_hidden":0,"_bbp_reply_count_hidden":0,"_bbp_forum_subforum_count":0,"_monsterinsights_skip_tracking":false,"_monsterinsights_sitenote_active":false,"_monsterinsights_sitenote_note":"","_monsterinsights_sitenote_category":0,"footnotes":""},"class_list":["post-908","page","type-page","status-publish","hentry"],"jetpack_sharing_enabled":true,"_links":{"self":[{"href":"https:\/\/igbhn.de\/bs\/wp-json\/wp\/v2\/pages\/908","targetHints":{"allow":["GET"]}}],"collection":[{"href":"https:\/\/igbhn.de\/bs\/wp-json\/wp\/v2\/pages"}],"about":[{"href":"https:\/\/igbhn.de\/bs\/wp-json\/wp\/v2\/types\/page"}],"author":[{"embeddable":true,"href":"https:\/\/igbhn.de\/bs\/wp-json\/wp\/v2\/users\/1"}],"replies":[{"embeddable":true,"href":"https:\/\/igbhn.de\/bs\/wp-json\/wp\/v2\/comments?post=908"}],"version-history":[{"count":6,"href":"https:\/\/igbhn.de\/bs\/wp-json\/wp\/v2\/pages\/908\/revisions"}],"predecessor-version":[{"id":1608,"href":"https:\/\/igbhn.de\/bs\/wp-json\/wp\/v2\/pages\/908\/revisions\/1608"}],"up":[{"embeddable":true,"href":"https:\/\/igbhn.de\/bs\/wp-json\/wp\/v2\/pages\/1446"}],"wp:attachment":[{"href":"https:\/\/igbhn.de\/bs\/wp-json\/wp\/v2\/media?parent=908"}],"curies":[{"name":"wp","href":"https:\/\/api.w.org\/{rel}","templated":true}]}}